{"id":218,"date":"2017-10-25T10:13:41","date_gmt":"2017-10-25T10:13:41","guid":{"rendered":"http:\/\/wp4.tallythemesdemo.com\/accounting-pro\/?page_id=218"},"modified":"2019-02-13T22:25:41","modified_gmt":"2019-02-13T22:25:41","slug":"individual-service-page-free","status":"publish","type":"page","link":"https:\/\/gestionsowco.com\/?page_id=218","title":{"rendered":"Comptabilit\u00e9"},"content":{"rendered":"<p>* Tenue des Livres<br \/>\n* Fin d\u2019ann\u00e9e financi\u00e8re<br \/>\n* Analyse Financi\u00e8re<br \/>\n* Pr\u00e9paration des \u00c9tats Financiers<br \/>\n* Comptes \u00e1 Payer \/ Comptes \u00e1 Recevoir<br \/>\n* Organismes \u00e0 But Non Lucratifs : D\u00e9claration, aide obtention subventions etc.\u2026<br \/>\n* Mise en place comptabilit\u00e9<br \/>\n* Avis au Lecteur<\/p>\n","protected":false},"excerpt":{"rendered":"<p>* Tenue des Livres * Fin d\u2019ann\u00e9e financi\u00e8re * Analyse Financi\u00e8re * Pr\u00e9paration des \u00c9tats Financiers * Comptes \u00e1 Payer \/ Comptes \u00e1 Recevoir * Organismes \u00e0 But Non Lucratifs : D\u00e9claration, aide obtention subventions etc.\u2026 * Mise en place comptabilit\u00e9 * Avis au Lecteur<\/p>\n","protected":false},"author":1,"featured_media":0,"parent":0,"menu_order":0,"comment_status":"closed","ping_status":"closed","template":"template-no-sidebar.php","meta":{"footnotes":""},"_links":{"self":[{"href":"https:\/\/gestionsowco.com\/index.php?rest_route=\/wp\/v2\/pages\/218"}],"collection":[{"href":"https:\/\/gestionsowco.com\/index.php?rest_route=\/wp\/v2\/pages"}],"about":[{"href":"https:\/\/gestionsowco.com\/index.php?rest_route=\/wp\/v2\/types\/page"}],"author":[{"embeddable":true,"href":"https:\/\/gestionsowco.com\/index.php?rest_route=\/wp\/v2\/users\/1"}],"replies":[{"embeddable":true,"href":"https:\/\/gestionsowco.com\/index.php?rest_route=%2Fwp%2Fv2%2Fcomments&post=218"}],"version-history":[{"count":1,"href":"https:\/\/gestionsowco.com\/index.php?rest_route=\/wp\/v2\/pages\/218\/revisions"}],"predecessor-version":[{"id":443,"href":"https:\/\/gestionsowco.com\/index.php?rest_route=\/wp\/v2\/pages\/218\/revisions\/443"}],"wp:attachment":[{"href":"https:\/\/gestionsowco.com\/index.php?rest_route=%2Fwp%2Fv2%2Fmedia&parent=218"}],"curies":[{"name":"wp","href":"https:\/\/api.w.org\/{rel}","templated":true}]}}